{"id":2801,"date":"2026-03-03T15:23:22","date_gmt":"2026-03-03T14:23:22","guid":{"rendered":"https:\/\/www.miriamotte.com\/?page_id=2801"},"modified":"2026-03-03T15:26:06","modified_gmt":"2026-03-03T14:26:06","slug":"cabra-blanca-studio-feliz-blau-introduction","status":"publish","type":"page","link":"https:\/\/www.miriamotte.com\/es\/cabra-blanca-studio-feliz-blau-introduction\/","title":{"rendered":"Cabra Blanca &amp; Studio Feliz Blau &#8211; Introduction"},"content":{"rendered":"<style>.kb-row-layout-id2801_063b79-5e > .kt-row-column-wrap{align-content:start;}:where(.kb-row-layout-id2801_063b79-5e > .kt-row-column-wrap) > .wp-block-kadence-column{justify-content:start;}.kb-row-layout-id2801_063b79-5e > .kt-row-column-wrap{column-gap:var(--global-kb-gap-md, 2rem);row-gap:var(--global-kb-gap-md, 2rem);max-width:800px;margin-left:auto;margin-right:auto;padding-top:var(--global-kb-spacing-sm, 1.5rem);padding-bottom:var(--global-kb-spacing-sm, 1.5rem);grid-template-columns:minmax(0, 1fr);}.kb-row-layout-id2801_063b79-5e > .kt-row-layout-overlay{opacity:0.30;}@media all and (max-width: 1024px){.kb-row-layout-id2801_063b79-5e > .kt-row-column-wrap{grid-template-columns:minmax(0, 1fr);}}@media all and (max-width: 767px){.kb-row-layout-id2801_063b79-5e > .kt-row-column-wrap{grid-template-columns:minmax(0, 1fr);}}<\/style><div class=\"kb-row-layout-wrap kb-row-layout-id2801_063b79-5e alignfull wp-block-kadence-rowlayout\"><div class=\"kt-row-column-wrap kt-has-1-columns kt-row-layout-equal kt-tab-layout-inherit kt-mobile-layout-row kt-row-valign-top\">\n<style>.kadence-column2801_833079-0f > .kt-inside-inner-col,.kadence-column2801_833079-0f > .kt-inside-inner-col:before{border-top-left-radius:0px;border-top-right-radius:0px;border-bottom-right-radius:0px;border-bottom-left-radius:0px;}.kadence-column2801_833079-0f > .kt-inside-inner-col{column-gap:var(--global-kb-gap-sm, 1rem);}.kadence-column2801_833079-0f > .kt-inside-inner-col{flex-direction:column;}.kadence-column2801_833079-0f > .kt-inside-inner-col > .aligncenter{width:100%;}.kadence-column2801_833079-0f > .kt-inside-inner-col:before{opacity:0.3;}.kadence-column2801_833079-0f{position:relative;}@media all and (max-width: 1024px){.kadence-column2801_833079-0f > .kt-inside-inner-col{flex-direction:column;justify-content:center;}}@media all and (max-width: 767px){.kadence-column2801_833079-0f > .kt-inside-inner-col{flex-direction:column;justify-content:center;}}<\/style>\n<div class=\"wp-block-kadence-column kadence-column2801_833079-0f\"><div class=\"kt-inside-inner-col\"><ul class=\"series-terms-list\"><li><h2><a href=\"https:\/\/www.miriamotte.com\/es\/series\/cabra-blanca-studio-feliz-blau\/\">Cabra Blanca &amp; Studio Feliz Blau<\/a><\/h2><img loading=\"lazy\" decoding=\"async\" width=\"2560\" height=\"853\" src=\"https:\/\/www.miriamotte.com\/wp-content\/uploads\/2026\/03\/logos-scaled.jpg\" class=\"series-header-image\" alt=\"Logos\" srcset=\"https:\/\/www.miriamotte.com\/wp-content\/uploads\/2026\/03\/logos-scaled.jpg 2560w, https:\/\/www.miriamotte.com\/wp-content\/uploads\/2026\/03\/logos-1020x340.jpg 1020w, https:\/\/www.miriamotte.com\/wp-content\/uploads\/2026\/03\/logos-1950x650.jpg 1950w, https:\/\/www.miriamotte.com\/wp-content\/uploads\/2026\/03\/logos-400x133.jpg 400w, https:\/\/www.miriamotte.com\/wp-content\/uploads\/2026\/03\/logos-1300x433.jpg 1300w, https:\/\/www.miriamotte.com\/wp-content\/uploads\/2026\/03\/logos-1536x512.jpg 1536w, https:\/\/www.miriamotte.com\/wp-content\/uploads\/2026\/03\/logos-2048x683.jpg 2048w, https:\/\/www.miriamotte.com\/wp-content\/uploads\/2026\/03\/logos-18x6.jpg 18w\" sizes=\"auto, (max-width: 2560px) 100vw, 2560px\" \/><a class=\"series-explore-btn\" href=\"https:\/\/www.miriamotte.com\/es\/series\/cabra-blanca-studio-feliz-blau\/\">Explore works in this series<\/a><div class=\"series-term-description\"><h3 data-start=\"331\" data-end=\"397\">EN\/\/ Cyanotypes in Mallorca \u2013 On view at Cabra Blanca Restaurant Santa Maria<\/h3>\n<p data-start=\"399\" data-end=\"548\">To mark the start of the season on March 1st, <strong data-start=\"445\" data-end=\"470\">Cabra Blanca Restaurant in Santa Maria, Mallorca<\/strong> presents three cyanotypes by Mallorcan-based artist Miriam Otte &#8211; Studio Feliz Blau.<\/p>\n<p data-start=\"550\" data-end=\"789\">Located in Mallorca, Restaurant Cabra Blanca is known for its creative Mediterranean cuisine using seasonal, local ingredients. Led by chef Klaus Menzel, the restaurant\u2019s philosophy is deeply connected to nature, regional produce, and sense of place.<\/p>\n<p data-start=\"791\" data-end=\"1022\">The cyanotype works feature Mallorcan wild herbs \u2013 native plants that also inspire the chef\u2019s cuisine. Each cyanotype is created using the historic photographic process of sun exposure, making nature itself both subject and medium.<\/p>\n<p data-start=\"1024\" data-end=\"1076\">Nature as trace.<\/p>\n<p data-start=\"1078\" data-end=\"1181\">The artworks are on view inside the restaurant and available for purchase as limited fine art editions.<\/p>\n<h3 data-start=\"182\" data-end=\"263\">DE\/\/ Cyanotypien auf Mallorca \u2013 Zu sehen im Restaurant Cabra Blanca in Santa Maria<\/h3>\n<p data-start=\"265\" data-end=\"427\">Zum Saisonstart am 1. M\u00e4rz pr\u00e4sentiert das Restaurant <strong data-start=\"308\" data-end=\"360\">Cabra Blanca in Santa Maria, Mallorca<\/strong> drei Cyanotypien der auf Mallorca lebenden K\u00fcnstlerin Miriam Otte &#8211; Studio Feliz Blau.<\/p>\n<p data-start=\"429\" data-end=\"700\">Das Restaurant Cabra Blanca in Santa Maria ist bekannt f\u00fcr seine kreative mediterrane K\u00fcche mit saisonalen und regionalen Zutaten. Unter der Leitung von Klaus Menzel steht das Haus f\u00fcr eine Philosophie, die eng mit Natur, Herkunft und dem Terroir Mallorcas verbunden ist.<\/p>\n<p data-start=\"702\" data-end=\"1000\">Die ausgestellten Cyanotypien zeigen mallorquinische Wildkr\u00e4uter \u2013 heimische Pflanzen, die auch die K\u00fcche des Restaurants inspirieren. Jede Arbeit entsteht im historischen fotografischen Verfahren der Cyanotypie durch direkte Belichtung im Sonnenlicht. So wird die Natur selbst zu Motiv und Medium.<\/p>\n<p data-start=\"1002\" data-end=\"1017\">Natur als Spur.<\/p>\n<p data-start=\"1019\" data-end=\"1139\">Die Kunstwerke sind im Restaurant in Santa Maria ausgestellt und als limitierte Fine-Art-Editionen k\u00e4uflich zu erwerben.<\/p>\n<h3 data-start=\"1376\" data-end=\"1459\">ES\/\/ Cianotipias en Mallorca \u2013 Expuestas en el Restaurante Cabra Blanca Santa Maria<\/h3>\n<p data-start=\"1461\" data-end=\"1646\">Con motivo del inicio de la temporada el 1 de marzo, el <strong data-start=\"1517\" data-end=\"1570\">Restaurante Cabra Blanca en Santa Maria, Mallorca<\/strong> presenta tres cianotipias de la artista Miriam Otte &#8211; Studio Feliz Blau, residente en Mallorca.<\/p>\n<p data-start=\"1648\" data-end=\"1963\">El Restaurante Cabra Blanca, situado en Santa Maria del Cam\u00ed, es reconocido por su cocina mediterr\u00e1nea creativa elaborada con ingredientes locales y de temporada. Bajo la direcci\u00f3n del chef Klaus Menzel, el restaurante mantiene una fuerte conexi\u00f3n con la naturaleza, el producto regional y el territorio mallorqu\u00edn.<\/p>\n<p data-start=\"1965\" data-end=\"2257\">Las cianotipias expuestas muestran hierbas silvestres mallorquinas \u2013 plantas aut\u00f3ctonas que tambi\u00e9n inspiran la propuesta gastron\u00f3mica del chef. Cada obra se realiza mediante el proceso fotogr\u00e1fico hist\u00f3rico de exposici\u00f3n solar directa, convirtiendo la naturaleza en motivo y medio art\u00edstico.<\/p>\n<p data-start=\"2259\" data-end=\"2285\">La naturaleza como huella.<\/p>\n<p data-start=\"2287\" data-end=\"2421\">Las obras est\u00e1n expuestas en el restaurante en Santa Maria y disponibles para la venta como ediciones limitadas de arte contempor\u00e1neo.<\/p>\n<p>&nbsp;<\/p>\n<\/div><\/li><\/ul>\n<\/div><\/div>\n\n<\/div><\/div>","protected":false},"excerpt":{"rendered":"","protected":false},"author":7,"featured_media":0,"parent":0,"menu_order":0,"comment_status":"closed","ping_status":"closed","template":"","meta":{"_acf_changed":false,"inline_featured_image":false,"_kad_blocks_custom_css":"","_kad_blocks_head_custom_js":"","_kad_blocks_body_custom_js":"","_kad_blocks_footer_custom_js":"","_kadence_starter_templates_imported_post":false,"_kad_post_transparent":"","_kad_post_title":"hide","_kad_post_layout":"default","_kad_post_sidebar_id":"","_kad_post_content_style":"","_kad_post_vertical_padding":"","_kad_post_feature":"","_kad_post_feature_position":"","_kad_post_header":false,"_kad_post_footer":false,"slim_seo":{"title":"Cabra Blanca &amp; Studio Feliz Blau - Introduction - Miriam Otte \/ Studio Feliz Blau","description":""},"footnotes":""},"class_list":["post-2801","page","type-page","status-publish","hentry"],"acf":[],"yoast_head":"<!-- This site is optimized with the Yoast SEO plugin v27.5 - https:\/\/yoast.com\/product\/yoast-seo-wordpress\/ -->\n<title>Cabra Blanca &amp; Studio Feliz Blau - Introduction - Miriam Otte \/ Studio Feliz Blau<\/title>\n<meta name=\"robots\" content=\"index, follow, max-snippet:-1, max-image-preview:large, max-video-preview:-1\" \/>\n<link rel=\"canonical\" href=\"https:\/\/www.miriamotte.com\/es\/cabra-blanca-studio-feliz-blau-introduction\/\" \/>\n<meta property=\"og:locale\" content=\"es_ES\" \/>\n<meta property=\"og:type\" content=\"article\" \/>\n<meta property=\"og:title\" content=\"Cabra Blanca &amp; Studio Feliz Blau - Introduction - Miriam Otte \/ Studio Feliz Blau\" \/>\n<meta property=\"og:url\" content=\"https:\/\/www.miriamotte.com\/es\/cabra-blanca-studio-feliz-blau-introduction\/\" \/>\n<meta property=\"og:site_name\" content=\"Miriam Otte \/ Studio Feliz Blau\" \/>\n<meta property=\"article:modified_time\" content=\"2026-03-03T14:26:06+00:00\" \/>\n<meta name=\"twitter:card\" content=\"summary_large_image\" \/>\n<meta name=\"twitter:label1\" content=\"Tiempo de lectura\" \/>\n\t<meta name=\"twitter:data1\" content=\"1 minuto\" \/>\n<script type=\"application\/ld+json\" class=\"yoast-schema-graph\">{\"@context\":\"https:\\\/\\\/schema.org\",\"@graph\":[{\"@type\":\"WebPage\",\"@id\":\"https:\\\/\\\/www.miriamotte.com\\\/cabra-blanca-studio-feliz-blau-introduction\\\/\",\"url\":\"https:\\\/\\\/www.miriamotte.com\\\/cabra-blanca-studio-feliz-blau-introduction\\\/\",\"name\":\"Cabra Blanca &amp; Studio Feliz Blau - Introduction - Miriam Otte \\\/ Studio Feliz Blau\",\"isPartOf\":{\"@id\":\"https:\\\/\\\/www.miriamotte.com\\\/#website\"},\"datePublished\":\"2026-03-03T14:23:22+00:00\",\"dateModified\":\"2026-03-03T14:26:06+00:00\",\"breadcrumb\":{\"@id\":\"https:\\\/\\\/www.miriamotte.com\\\/cabra-blanca-studio-feliz-blau-introduction\\\/#breadcrumb\"},\"inLanguage\":\"es\",\"potentialAction\":[{\"@type\":\"ReadAction\",\"target\":[\"https:\\\/\\\/www.miriamotte.com\\\/cabra-blanca-studio-feliz-blau-introduction\\\/\"]}]},{\"@type\":\"BreadcrumbList\",\"@id\":\"https:\\\/\\\/www.miriamotte.com\\\/cabra-blanca-studio-feliz-blau-introduction\\\/#breadcrumb\",\"itemListElement\":[{\"@type\":\"ListItem\",\"position\":1,\"name\":\"Startseite\",\"item\":\"https:\\\/\\\/www.miriamotte.com\\\/\"},{\"@type\":\"ListItem\",\"position\":2,\"name\":\"Cabra Blanca &amp; Studio Feliz Blau &#8211; Introduction\"}]},{\"@type\":\"WebSite\",\"@id\":\"https:\\\/\\\/www.miriamotte.com\\\/#website\",\"url\":\"https:\\\/\\\/www.miriamotte.com\\\/\",\"name\":\"Miriam Otte \\\/ Studio Feliz Blau\",\"description\":\"\",\"publisher\":{\"@id\":\"https:\\\/\\\/www.miriamotte.com\\\/#organization\"},\"potentialAction\":[{\"@type\":\"SearchAction\",\"target\":{\"@type\":\"EntryPoint\",\"urlTemplate\":\"https:\\\/\\\/www.miriamotte.com\\\/?s={search_term_string}\"},\"query-input\":{\"@type\":\"PropertyValueSpecification\",\"valueRequired\":true,\"valueName\":\"search_term_string\"}}],\"inLanguage\":\"es\"},{\"@type\":\"Organization\",\"@id\":\"https:\\\/\\\/www.miriamotte.com\\\/#organization\",\"name\":\"Miriam Otte \\\/ Studio Feliz Blau\",\"url\":\"https:\\\/\\\/www.miriamotte.com\\\/\",\"logo\":{\"@type\":\"ImageObject\",\"inLanguage\":\"es\",\"@id\":\"https:\\\/\\\/www.miriamotte.com\\\/#\\\/schema\\\/logo\\\/image\\\/\",\"url\":\"https:\\\/\\\/www.miriamotte.com\\\/wp-content\\\/uploads\\\/2025\\\/10\\\/combined-logo-2.png\",\"contentUrl\":\"https:\\\/\\\/www.miriamotte.com\\\/wp-content\\\/uploads\\\/2025\\\/10\\\/combined-logo-2.png\",\"width\":620,\"height\":294,\"caption\":\"Miriam Otte \\\/ Studio Feliz Blau\"},\"image\":{\"@id\":\"https:\\\/\\\/www.miriamotte.com\\\/#\\\/schema\\\/logo\\\/image\\\/\"}}]}<\/script>\n<!-- \/ Yoast SEO plugin. -->","yoast_head_json":{"title":"Cabra Blanca &amp; Studio Feliz Blau - Introduction - Miriam Otte \/ Studio Feliz Blau","robots":{"index":"index","follow":"follow","max-snippet":"max-snippet:-1","max-image-preview":"max-image-preview:large","max-video-preview":"max-video-preview:-1"},"canonical":"https:\/\/www.miriamotte.com\/es\/cabra-blanca-studio-feliz-blau-introduction\/","og_locale":"es_ES","og_type":"article","og_title":"Cabra Blanca &amp; Studio Feliz Blau - Introduction - Miriam Otte \/ Studio Feliz Blau","og_url":"https:\/\/www.miriamotte.com\/es\/cabra-blanca-studio-feliz-blau-introduction\/","og_site_name":"Miriam Otte \/ Studio Feliz Blau","article_modified_time":"2026-03-03T14:26:06+00:00","twitter_card":"summary_large_image","twitter_misc":{"Tiempo de lectura":"1 minuto"},"schema":{"@context":"https:\/\/schema.org","@graph":[{"@type":"WebPage","@id":"https:\/\/www.miriamotte.com\/cabra-blanca-studio-feliz-blau-introduction\/","url":"https:\/\/www.miriamotte.com\/cabra-blanca-studio-feliz-blau-introduction\/","name":"Cabra Blanca &amp; Studio Feliz Blau - Introduction - Miriam Otte \/ Studio Feliz Blau","isPartOf":{"@id":"https:\/\/www.miriamotte.com\/#website"},"datePublished":"2026-03-03T14:23:22+00:00","dateModified":"2026-03-03T14:26:06+00:00","breadcrumb":{"@id":"https:\/\/www.miriamotte.com\/cabra-blanca-studio-feliz-blau-introduction\/#breadcrumb"},"inLanguage":"es","potentialAction":[{"@type":"ReadAction","target":["https:\/\/www.miriamotte.com\/cabra-blanca-studio-feliz-blau-introduction\/"]}]},{"@type":"BreadcrumbList","@id":"https:\/\/www.miriamotte.com\/cabra-blanca-studio-feliz-blau-introduction\/#breadcrumb","itemListElement":[{"@type":"ListItem","position":1,"name":"Startseite","item":"https:\/\/www.miriamotte.com\/"},{"@type":"ListItem","position":2,"name":"Cabra Blanca &amp; Studio Feliz Blau &#8211; Introduction"}]},{"@type":"WebSite","@id":"https:\/\/www.miriamotte.com\/#website","url":"https:\/\/www.miriamotte.com\/","name":"Miriam Otte \/ Studio Feliz Blau","description":"","publisher":{"@id":"https:\/\/www.miriamotte.com\/#organization"},"potentialAction":[{"@type":"SearchAction","target":{"@type":"EntryPoint","urlTemplate":"https:\/\/www.miriamotte.com\/?s={search_term_string}"},"query-input":{"@type":"PropertyValueSpecification","valueRequired":true,"valueName":"search_term_string"}}],"inLanguage":"es"},{"@type":"Organization","@id":"https:\/\/www.miriamotte.com\/#organization","name":"Miriam Otte \/ Studio Feliz Blau","url":"https:\/\/www.miriamotte.com\/","logo":{"@type":"ImageObject","inLanguage":"es","@id":"https:\/\/www.miriamotte.com\/#\/schema\/logo\/image\/","url":"https:\/\/www.miriamotte.com\/wp-content\/uploads\/2025\/10\/combined-logo-2.png","contentUrl":"https:\/\/www.miriamotte.com\/wp-content\/uploads\/2025\/10\/combined-logo-2.png","width":620,"height":294,"caption":"Miriam Otte \/ Studio Feliz Blau"},"image":{"@id":"https:\/\/www.miriamotte.com\/#\/schema\/logo\/image\/"}}]}},"taxonomy_info":[],"featured_image_src_large":false,"author_info":{"display_name":"philipp.krueger","author_link":"https:\/\/www.miriamotte.com\/es\/author\/philipp-krueger\/"},"comment_info":0,"_links":{"self":[{"href":"https:\/\/www.miriamotte.com\/es\/wp-json\/wp\/v2\/pages\/2801","targetHints":{"allow":["GET"]}}],"collection":[{"href":"https:\/\/www.miriamotte.com\/es\/wp-json\/wp\/v2\/pages"}],"about":[{"href":"https:\/\/www.miriamotte.com\/es\/wp-json\/wp\/v2\/types\/page"}],"author":[{"embeddable":true,"href":"https:\/\/www.miriamotte.com\/es\/wp-json\/wp\/v2\/users\/7"}],"replies":[{"embeddable":true,"href":"https:\/\/www.miriamotte.com\/es\/wp-json\/wp\/v2\/comments?post=2801"}],"version-history":[{"count":3,"href":"https:\/\/www.miriamotte.com\/es\/wp-json\/wp\/v2\/pages\/2801\/revisions"}],"predecessor-version":[{"id":2805,"href":"https:\/\/www.miriamotte.com\/es\/wp-json\/wp\/v2\/pages\/2801\/revisions\/2805"}],"wp:attachment":[{"href":"https:\/\/www.miriamotte.com\/es\/wp-json\/wp\/v2\/media?parent=2801"}],"curies":[{"name":"wp","href":"https:\/\/api.w.org\/{rel}","templated":true}]}}