{"id":2679,"date":"2025-11-05T10:42:20","date_gmt":"2025-11-05T09:42:20","guid":{"rendered":"https:\/\/www.miriamotte.com\/?page_id=2679"},"modified":"2026-02-27T17:15:50","modified_gmt":"2026-02-27T16:15:50","slug":"saona-joies-studio-feliz-blau","status":"publish","type":"page","link":"https:\/\/www.miriamotte.com\/es\/saona-joies-studio-feliz-blau\/","title":{"rendered":"Saona Joies &amp; Studio Feliz Blau"},"content":{"rendered":"<style>.kb-row-layout-id2679_c161c4-8f > .kt-row-column-wrap{align-content:start;}:where(.kb-row-layout-id2679_c161c4-8f > .kt-row-column-wrap) > .wp-block-kadence-column{justify-content:start;}.kb-row-layout-id2679_c161c4-8f > .kt-row-column-wrap{column-gap:var(--global-kb-gap-md, 2rem);row-gap:var(--global-kb-gap-md, 2rem);max-width:800px;margin-left:auto;margin-right:auto;padding-top:var(--global-kb-spacing-sm, 1.5rem);padding-bottom:var(--global-kb-spacing-sm, 1.5rem);grid-template-columns:minmax(0, 1fr);}.kb-row-layout-id2679_c161c4-8f > .kt-row-layout-overlay{opacity:0.30;}@media all and (max-width: 1024px){.kb-row-layout-id2679_c161c4-8f > .kt-row-column-wrap{grid-template-columns:minmax(0, 1fr);}}@media all and (max-width: 767px){.kb-row-layout-id2679_c161c4-8f > .kt-row-column-wrap{grid-template-columns:minmax(0, 1fr);}}<\/style><div class=\"kb-row-layout-wrap kb-row-layout-id2679_c161c4-8f alignfull wp-block-kadence-rowlayout\"><div class=\"kt-row-column-wrap kt-has-1-columns kt-row-layout-equal kt-tab-layout-inherit kt-mobile-layout-row kt-row-valign-top\">\n<style>.kadence-column2679_598ad0-0a > .kt-inside-inner-col,.kadence-column2679_598ad0-0a > .kt-inside-inner-col:before{border-top-left-radius:0px;border-top-right-radius:0px;border-bottom-right-radius:0px;border-bottom-left-radius:0px;}.kadence-column2679_598ad0-0a > .kt-inside-inner-col{column-gap:var(--global-kb-gap-sm, 1rem);}.kadence-column2679_598ad0-0a > .kt-inside-inner-col{flex-direction:column;}.kadence-column2679_598ad0-0a > .kt-inside-inner-col > .aligncenter{width:100%;}.kadence-column2679_598ad0-0a > .kt-inside-inner-col:before{opacity:0.3;}.kadence-column2679_598ad0-0a{position:relative;}@media all and (max-width: 1024px){.kadence-column2679_598ad0-0a > .kt-inside-inner-col{flex-direction:column;justify-content:center;}}@media all and (max-width: 767px){.kadence-column2679_598ad0-0a > .kt-inside-inner-col{flex-direction:column;justify-content:center;}}<\/style>\n<div class=\"wp-block-kadence-column kadence-column2679_598ad0-0a\"><div class=\"kt-inside-inner-col\"><ul class=\"series-terms-list\"><li><h2><a href=\"https:\/\/www.miriamotte.com\/es\/series\/saona-joies-studio-feliz-blau\/\">Saona Joies &amp; Studio Feliz Blau<\/a><\/h2><img loading=\"lazy\" decoding=\"async\" width=\"2560\" height=\"853\" src=\"https:\/\/www.miriamotte.com\/wp-content\/uploads\/2025\/12\/logos-scaled.jpg\" class=\"series-header-image\" alt=\"Logos\" srcset=\"https:\/\/www.miriamotte.com\/wp-content\/uploads\/2025\/12\/logos-scaled.jpg 2560w, https:\/\/www.miriamotte.com\/wp-content\/uploads\/2025\/12\/logos-1020x340.jpg 1020w, https:\/\/www.miriamotte.com\/wp-content\/uploads\/2025\/12\/logos-1950x650.jpg 1950w, https:\/\/www.miriamotte.com\/wp-content\/uploads\/2025\/12\/logos-400x133.jpg 400w, https:\/\/www.miriamotte.com\/wp-content\/uploads\/2025\/12\/logos-1300x433.jpg 1300w, https:\/\/www.miriamotte.com\/wp-content\/uploads\/2025\/12\/logos-1536x512.jpg 1536w, https:\/\/www.miriamotte.com\/wp-content\/uploads\/2025\/12\/logos-2048x683.jpg 2048w, https:\/\/www.miriamotte.com\/wp-content\/uploads\/2025\/12\/logos-18x6.jpg 18w\" sizes=\"auto, (max-width: 2560px) 100vw, 2560px\" \/><a class=\"series-explore-btn\" href=\"https:\/\/www.miriamotte.com\/es\/series\/saona-joies-studio-feliz-blau\/\">Explore works in this series<\/a><div class=\"series-term-description\"><p data-start=\"136\" data-end=\"226\"><strong>ES \/\/ Saona Joies &amp; Studio Feliz Blau \u2013 Un encuentro mediterr\u00e1neo entre metal precioso y luz<\/strong><\/p>\n<p data-start=\"228\" data-end=\"629\">Cuando las l\u00edneas delicadas de las joyas de L\u00eddia Bosch se encuentran con el azul profundo de la cianotipia, surge una armon\u00eda visual \u00fanica. Para esta <strong data-start=\"379\" data-end=\"399\">edici\u00f3n limitada<\/strong>, Miriam Otte ha creado <strong data-start=\"423\" data-end=\"458\">nueve cianotipias en formato A5<\/strong>, <strong data-start=\"460\" data-end=\"498\">cada una firmada y numerada a mano<\/strong>, acompa\u00f1ada de un <strong data-start=\"517\" data-end=\"548\">certificado de autenticidad<\/strong>, inspiradas en las colecciones <em data-start=\"580\" data-end=\"590\">Tamarell<\/em> y <em data-start=\"593\" data-end=\"599\">Vayu<\/em>\u00a0de la dise\u00f1adora mallorquina.<\/p>\n<p data-start=\"631\" data-end=\"968\">Miriam trabaja en el coraz\u00f3n de la Serra de Tramuntana, rodeada de la vegetaci\u00f3n y la quietud de la monta\u00f1a. Igualmente, L\u00eddia mantiene un fuerte v\u00ednculo con el mar, al haber nacido y crecido en la isla. Lo que une a ambas es el amor por la artesan\u00eda, por la naturaleza de Mallorca y por la belleza de las formas sencillas y atemporales.<\/p>\n<p data-start=\"970\" data-end=\"1169\">Mientras L\u00eddia moldea plata u oro en piezas minimalistas y org\u00e1nicas llenas de significado, Miriam captura la esencia de esas l\u00edneas con la luz del sol y las traduce al azul po\u00e9tico de la cianotipia.<\/p>\n<p data-start=\"1171\" data-end=\"1494\">La edici\u00f3n une dos oficios que requieren paciencia, precisi\u00f3n y un profundo respeto por el material y el proceso. Cada cianotipia es una pieza \u00fanica, al igual que cada joya creada en el taller de L\u00eddia. Juntas cuentan historias de ra\u00edces, l\u00edneas de costa, estructuras org\u00e1nicas y del ritmo mediterr\u00e1neo que inspira a ambas.<\/p>\n<p data-start=\"1496\" data-end=\"1677\">Esta colaboraci\u00f3n es un homenaje a la isla y a la fuerza de la forma reducida: un di\u00e1logo entre el metal precioso y la luz, creado a trav\u00e9s de una artesan\u00eda consciente y sostenible.<\/p>\n<p><strong>EN \/\/ Saona Joies &amp; Studio Feliz Blau \u2013 A Mediterranean encounter of precious metal and light<\/strong><\/p>\n<p data-start=\"269\" data-end=\"623\">When the delicate lines of L\u00eddia Bosch\u2019s jewelry meet the deep blue of the cyanotype, a unique visual harmony emerges. For this limited edition, Miriam Otte has created <strong data-start=\"438\" data-end=\"460\">nine A5 cyanotypes<\/strong>, each <strong data-start=\"467\" data-end=\"495\">hand-signed and numbered<\/strong>, accompanied by a <strong data-start=\"514\" data-end=\"545\">certificate of authenticity<\/strong>, inspired by the <em data-start=\"563\" data-end=\"573\">Tamarell<\/em> and <em data-start=\"578\" data-end=\"584\">Vayu <\/em>collections of the Mallorcan designer.<\/p>\n<p data-start=\"625\" data-end=\"959\">Miriam works in the heart of the Serra de Tramuntana, surrounded by the vegetation and stillness of the mountains. Likewise, L\u00eddia maintains a strong connection to the sea, having been born and raised on the island. What unites them is a shared love for craftsmanship, the nature of Mallorca, and the beauty of simple, timeless forms.<\/p>\n<p data-start=\"961\" data-end=\"1164\">While L\u00eddia shapes silver or gold into minimalistic and organic pieces full of meaning, Miriam captures the essence of these lines with sunlight and translates them into the poetic blue of the cyanotype.<\/p>\n<p data-start=\"1166\" data-end=\"1494\">This edition brings together two crafts that require patience, precision, and a deep respect for material and process. Each cyanotype is a unique piece\u2014just like every jewel created in L\u00eddia\u2019s workshop. Together they tell stories of roots, coastlines, organic structures, and the Mediterranean rhythm that inspires both artists.<\/p>\n<p data-start=\"1496\" data-end=\"1674\">This collaboration is a tribute to the island and to the power of reduced form\u2014a dialogue between precious metal and light, created through mindful and sustainable craftsmanship.<\/p>\n<p data-start=\"112\" data-end=\"210\"><strong>DE \/\/ Saona Joies &amp; Studio Feliz Blau \u2013 Eine mediterrane Begegnung aus Edelmetall und Licht<\/strong><\/p>\n<p data-start=\"212\" data-end=\"568\">Wenn die feinen Linien von L\u00eddia Boschs Schmuck auf das tiefe Blau der Cyanotypie treffen, entsteht eine besondere visuelle Harmonie. F\u00fcr diese limitierte Edition hat Miriam Otte neun A5-Cyanotypien geschaffen \u2013 jeweils handsigniert und nummeriert, mit Zertifikat \u2013 inspiriert von den Kollektionen <strong data-start=\"510\" data-end=\"522\">Tamarell<\/strong> und <strong data-start=\"527\" data-end=\"535\">Vayu<\/strong> der mallorquinischen Designerin.<\/p>\n<p data-start=\"570\" data-end=\"915\">Miriam arbeitet im Herzen der Serra de Tramuntana, umgeben von der Vegetation und der Stille der Berge. Ebenso tr\u00e4gt L\u00eddia eine tiefe Verbindung zum Meer in sich, da sie auf der Insel geboren und aufgewachsen ist. Was die beiden verbindet, ist die gemeinsame Liebe zum Handwerk, zur Natur Mallorcas und zur Sch\u00f6nheit einfacher, zeitloser Formen.<\/p>\n<p data-start=\"917\" data-end=\"1130\">W\u00e4hrend L\u00eddia Silber oder Gold zu minimalistischen, organischen Schmuckst\u00fccken mit Bedeutung formt, f\u00e4ngt Miriam die Essenz dieser Linien mit Sonnenlicht ein und \u00fcbersetzt sie in das poetische Blau der Cyanotypie.<\/p>\n<p data-start=\"1132\" data-end=\"1500\">Diese Edition vereint zwei Handwerksk\u00fcnste, die Geduld, Pr\u00e4zision und gro\u00dfen Respekt f\u00fcr Material und Prozess verlangen. Jede Cyanotypie ist ein Unikat \u2013 ebenso wie jedes Schmuckst\u00fcck, das in L\u00eddias Atelier entsteht. Gemeinsam erz\u00e4hlen sie Geschichten von Wurzeln, K\u00fcstenlinien, organischen Strukturen und dem mediterranen Rhythmus, der beide K\u00fcnstlerinnen inspiriert.<\/p>\n<p data-start=\"1502\" data-end=\"1686\">Diese Zusammenarbeit ist eine Hommage an die Insel und an die Kraft der reduzierten Form \u2013 ein Dialog zwischen Edelmetall und Licht, geschaffen mit achtsamem und nachhaltigem Handwerk.<\/p>\n<p data-start=\"1502\" data-end=\"1686\">Portrait @lucygeraldine<\/p>\n<\/div><\/li><\/ul>\n<\/div><\/div>\n\n<\/div><\/div>","protected":false},"excerpt":{"rendered":"","protected":false},"author":7,"featured_media":0,"parent":0,"menu_order":0,"comment_status":"closed","ping_status":"closed","template":"","meta":{"_acf_changed":false,"inline_featured_image":false,"_kad_blocks_custom_css":"","_kad_blocks_head_custom_js":"","_kad_blocks_body_custom_js":"","_kad_blocks_footer_custom_js":"","_kadence_starter_templates_imported_post":false,"_kad_post_transparent":"","_kad_post_title":"hide","_kad_post_layout":"","_kad_post_sidebar_id":"","_kad_post_content_style":"","_kad_post_vertical_padding":"","_kad_post_feature":"","_kad_post_feature_position":"","_kad_post_header":false,"_kad_post_footer":false,"slim_seo":{"title":"Saona Joies &amp; Studio Feliz Blau - Miriam Otte \/ Studio Feliz Blau","description":""},"footnotes":""},"class_list":["post-2679","page","type-page","status-publish","hentry"],"acf":[],"yoast_head":"<!-- This site is optimized with the Yoast SEO plugin v27.5 - https:\/\/yoast.com\/product\/yoast-seo-wordpress\/ -->\n<title>Saona Joies &amp; Studio Feliz Blau - Miriam Otte \/ Studio Feliz Blau<\/title>\n<meta name=\"robots\" content=\"index, follow, max-snippet:-1, max-image-preview:large, max-video-preview:-1\" \/>\n<link rel=\"canonical\" href=\"https:\/\/www.miriamotte.com\/es\/saona-joies-studio-feliz-blau\/\" \/>\n<meta property=\"og:locale\" content=\"es_ES\" \/>\n<meta property=\"og:type\" content=\"article\" \/>\n<meta property=\"og:title\" content=\"Saona Joies &amp; Studio Feliz Blau - Miriam Otte \/ Studio Feliz Blau\" \/>\n<meta property=\"og:url\" content=\"https:\/\/www.miriamotte.com\/es\/saona-joies-studio-feliz-blau\/\" \/>\n<meta property=\"og:site_name\" content=\"Miriam Otte \/ Studio Feliz Blau\" \/>\n<meta property=\"article:modified_time\" content=\"2026-02-27T16:15:50+00:00\" \/>\n<meta name=\"twitter:card\" content=\"summary_large_image\" \/>\n<meta name=\"twitter:label1\" content=\"Tiempo de lectura\" \/>\n\t<meta name=\"twitter:data1\" content=\"1 minuto\" \/>\n<script type=\"application\/ld+json\" class=\"yoast-schema-graph\">{\"@context\":\"https:\\\/\\\/schema.org\",\"@graph\":[{\"@type\":\"WebPage\",\"@id\":\"https:\\\/\\\/www.miriamotte.com\\\/saona-joies-studio-feliz-blau\\\/\",\"url\":\"https:\\\/\\\/www.miriamotte.com\\\/saona-joies-studio-feliz-blau\\\/\",\"name\":\"Saona Joies &amp; Studio Feliz Blau - Miriam Otte \\\/ Studio Feliz Blau\",\"isPartOf\":{\"@id\":\"https:\\\/\\\/www.miriamotte.com\\\/#website\"},\"datePublished\":\"2025-11-05T09:42:20+00:00\",\"dateModified\":\"2026-02-27T16:15:50+00:00\",\"breadcrumb\":{\"@id\":\"https:\\\/\\\/www.miriamotte.com\\\/saona-joies-studio-feliz-blau\\\/#breadcrumb\"},\"inLanguage\":\"es\",\"potentialAction\":[{\"@type\":\"ReadAction\",\"target\":[\"https:\\\/\\\/www.miriamotte.com\\\/saona-joies-studio-feliz-blau\\\/\"]}]},{\"@type\":\"BreadcrumbList\",\"@id\":\"https:\\\/\\\/www.miriamotte.com\\\/saona-joies-studio-feliz-blau\\\/#breadcrumb\",\"itemListElement\":[{\"@type\":\"ListItem\",\"position\":1,\"name\":\"Startseite\",\"item\":\"https:\\\/\\\/www.miriamotte.com\\\/\"},{\"@type\":\"ListItem\",\"position\":2,\"name\":\"Saona Joies &amp; Studio Feliz Blau\"}]},{\"@type\":\"WebSite\",\"@id\":\"https:\\\/\\\/www.miriamotte.com\\\/#website\",\"url\":\"https:\\\/\\\/www.miriamotte.com\\\/\",\"name\":\"Miriam Otte \\\/ Studio Feliz Blau\",\"description\":\"\",\"publisher\":{\"@id\":\"https:\\\/\\\/www.miriamotte.com\\\/#organization\"},\"potentialAction\":[{\"@type\":\"SearchAction\",\"target\":{\"@type\":\"EntryPoint\",\"urlTemplate\":\"https:\\\/\\\/www.miriamotte.com\\\/?s={search_term_string}\"},\"query-input\":{\"@type\":\"PropertyValueSpecification\",\"valueRequired\":true,\"valueName\":\"search_term_string\"}}],\"inLanguage\":\"es\"},{\"@type\":\"Organization\",\"@id\":\"https:\\\/\\\/www.miriamotte.com\\\/#organization\",\"name\":\"Miriam Otte \\\/ Studio Feliz Blau\",\"url\":\"https:\\\/\\\/www.miriamotte.com\\\/\",\"logo\":{\"@type\":\"ImageObject\",\"inLanguage\":\"es\",\"@id\":\"https:\\\/\\\/www.miriamotte.com\\\/#\\\/schema\\\/logo\\\/image\\\/\",\"url\":\"https:\\\/\\\/www.miriamotte.com\\\/wp-content\\\/uploads\\\/2025\\\/10\\\/combined-logo-2.png\",\"contentUrl\":\"https:\\\/\\\/www.miriamotte.com\\\/wp-content\\\/uploads\\\/2025\\\/10\\\/combined-logo-2.png\",\"width\":620,\"height\":294,\"caption\":\"Miriam Otte \\\/ Studio Feliz Blau\"},\"image\":{\"@id\":\"https:\\\/\\\/www.miriamotte.com\\\/#\\\/schema\\\/logo\\\/image\\\/\"}}]}<\/script>\n<!-- \/ Yoast SEO plugin. -->","yoast_head_json":{"title":"Saona Joies &amp; Studio Feliz Blau - Miriam Otte \/ Studio Feliz Blau","robots":{"index":"index","follow":"follow","max-snippet":"max-snippet:-1","max-image-preview":"max-image-preview:large","max-video-preview":"max-video-preview:-1"},"canonical":"https:\/\/www.miriamotte.com\/es\/saona-joies-studio-feliz-blau\/","og_locale":"es_ES","og_type":"article","og_title":"Saona Joies &amp; Studio Feliz Blau - Miriam Otte \/ Studio Feliz Blau","og_url":"https:\/\/www.miriamotte.com\/es\/saona-joies-studio-feliz-blau\/","og_site_name":"Miriam Otte \/ Studio Feliz Blau","article_modified_time":"2026-02-27T16:15:50+00:00","twitter_card":"summary_large_image","twitter_misc":{"Tiempo de lectura":"1 minuto"},"schema":{"@context":"https:\/\/schema.org","@graph":[{"@type":"WebPage","@id":"https:\/\/www.miriamotte.com\/saona-joies-studio-feliz-blau\/","url":"https:\/\/www.miriamotte.com\/saona-joies-studio-feliz-blau\/","name":"Saona Joies &amp; Studio Feliz Blau - Miriam Otte \/ Studio Feliz Blau","isPartOf":{"@id":"https:\/\/www.miriamotte.com\/#website"},"datePublished":"2025-11-05T09:42:20+00:00","dateModified":"2026-02-27T16:15:50+00:00","breadcrumb":{"@id":"https:\/\/www.miriamotte.com\/saona-joies-studio-feliz-blau\/#breadcrumb"},"inLanguage":"es","potentialAction":[{"@type":"ReadAction","target":["https:\/\/www.miriamotte.com\/saona-joies-studio-feliz-blau\/"]}]},{"@type":"BreadcrumbList","@id":"https:\/\/www.miriamotte.com\/saona-joies-studio-feliz-blau\/#breadcrumb","itemListElement":[{"@type":"ListItem","position":1,"name":"Startseite","item":"https:\/\/www.miriamotte.com\/"},{"@type":"ListItem","position":2,"name":"Saona Joies &amp; Studio Feliz Blau"}]},{"@type":"WebSite","@id":"https:\/\/www.miriamotte.com\/#website","url":"https:\/\/www.miriamotte.com\/","name":"Miriam Otte \/ Studio Feliz Blau","description":"","publisher":{"@id":"https:\/\/www.miriamotte.com\/#organization"},"potentialAction":[{"@type":"SearchAction","target":{"@type":"EntryPoint","urlTemplate":"https:\/\/www.miriamotte.com\/?s={search_term_string}"},"query-input":{"@type":"PropertyValueSpecification","valueRequired":true,"valueName":"search_term_string"}}],"inLanguage":"es"},{"@type":"Organization","@id":"https:\/\/www.miriamotte.com\/#organization","name":"Miriam Otte \/ Studio Feliz Blau","url":"https:\/\/www.miriamotte.com\/","logo":{"@type":"ImageObject","inLanguage":"es","@id":"https:\/\/www.miriamotte.com\/#\/schema\/logo\/image\/","url":"https:\/\/www.miriamotte.com\/wp-content\/uploads\/2025\/10\/combined-logo-2.png","contentUrl":"https:\/\/www.miriamotte.com\/wp-content\/uploads\/2025\/10\/combined-logo-2.png","width":620,"height":294,"caption":"Miriam Otte \/ Studio Feliz Blau"},"image":{"@id":"https:\/\/www.miriamotte.com\/#\/schema\/logo\/image\/"}}]}},"taxonomy_info":[],"featured_image_src_large":false,"author_info":{"display_name":"philipp.krueger","author_link":"https:\/\/www.miriamotte.com\/es\/author\/philipp-krueger\/"},"comment_info":0,"_links":{"self":[{"href":"https:\/\/www.miriamotte.com\/es\/wp-json\/wp\/v2\/pages\/2679","targetHints":{"allow":["GET"]}}],"collection":[{"href":"https:\/\/www.miriamotte.com\/es\/wp-json\/wp\/v2\/pages"}],"about":[{"href":"https:\/\/www.miriamotte.com\/es\/wp-json\/wp\/v2\/types\/page"}],"author":[{"embeddable":true,"href":"https:\/\/www.miriamotte.com\/es\/wp-json\/wp\/v2\/users\/7"}],"replies":[{"embeddable":true,"href":"https:\/\/www.miriamotte.com\/es\/wp-json\/wp\/v2\/comments?post=2679"}],"version-history":[{"count":3,"href":"https:\/\/www.miriamotte.com\/es\/wp-json\/wp\/v2\/pages\/2679\/revisions"}],"predecessor-version":[{"id":2685,"href":"https:\/\/www.miriamotte.com\/es\/wp-json\/wp\/v2\/pages\/2679\/revisions\/2685"}],"wp:attachment":[{"href":"https:\/\/www.miriamotte.com\/es\/wp-json\/wp\/v2\/media?parent=2679"}],"curies":[{"name":"wp","href":"https:\/\/api.w.org\/{rel}","templated":true}]}}